{"id":165,"date":"2023-10-03T22:49:15","date_gmt":"2023-10-03T22:49:15","guid":{"rendered":"https:\/\/aeolus.company\/shop\/?post_type=product&#038;p=165"},"modified":"2025-01-11T16:47:13","modified_gmt":"2025-01-11T16:47:13","slug":"calefactor-ceramico","status":"publish","type":"product","link":"https:\/\/aeolus.company\/shop\/productos\/calefactor-ceramico\/","title":{"rendered":"Calentador Bajo Consumo Para Habitaci\u00f3n Con Control Remoto Volcano."},"content":{"rendered":"<p>El Calentador El\u00e9ctrico-Cer\u00e1mico m\u00e1s seguro y de bajo consumo con Control Remoto para familias con Bebes y mascotas. Paz y tranquilidad para ti y los tuyos Sin quemaduras para tus hij@s y mascotas<\/p>\n<h4>Perfecto Para Habitaciones Medianas Y Peque\u00f1as<\/h4>\n<p>Oferta Calentadores para Hogar Buen Precio y Seguros<\/p>\n<p>Es la combinaci\u00f3n perfecta de funcionalidad, estilo y seguridad, lo que lo convierte en un complemento esencial para cualquier hogar. No dejes que el fr\u00edo te moleste m\u00e1s; invierte en el mejor calefactor cer\u00e1mico de M\u00e9xico y disfruta del ambiente acogedor que brinda.<\/p>\n<p>Dimensiones del producto: 22.5 (L) x 19.5 (A) x 26 cm (A)<\/p>\n<h4><strong>Calor instant\u00e1neo y seguro: Calentador Cer\u00e1mico Volcano con Control Remoto<\/strong><\/h4>\n<p><strong>Descripci\u00f3n:<\/strong> El <strong>Calentador Cer\u00e1mico Volcano con Control Remoto<\/strong> es la soluci\u00f3n perfecta para mantener tu hogar c\u00e1lido y acogedor. Con un dise\u00f1o compacto y moderno, este calefactor ofrece m\u00e1xima seguridad y eficiencia gracias a su tecnolog\u00eda PTC. Adem\u00e1s, cuenta con un termostato ajustable y oscilaci\u00f3n autom\u00e1tica para distribuir el calor de manera uniforme en toda la habitaci\u00f3n.<\/p>\n<h4>Elemento Cer\u00e1mico De Calefacci\u00f3n Para Mayor Seguridad<\/h4>\n<p>M\u00e1xima seguridad gracias a su elemento cer\u00e1mico que lo mantiene fr\u00edo al tacto, evitando quemaduras. Combina innovaci\u00f3n y caracter\u00edsticas avanzadas para mantener c\u00e1lidos a usted y sus seres queridos en \u00e9pocas de fr\u00edo. Comodidad acogedora garantizada gracias a su distribuci\u00f3n uniforme de calor, y control remoto para que no te levantes desde donde est\u00e9s. Un calentador vers\u00e1til para todo tipo de espacios.<\/p>\n<p>F\u00e1cil de almacenar.<\/p>\n","protected":false},"excerpt":{"rendered":"<p><small><strong>Garant\u00eda de satisfacci\u00f3n:<\/strong> devuelve o cambia tu producto 5 d\u00edas a partir de la compra.<\/small><br \/>\n<small><strong>Env\u00edo gratis<\/strong> en compras m\u00ednimas de $499.<\/small><br \/>\n<small><strong>Compra protegida:<\/strong> Los m\u00e9todos de pago que utilizamos cuentan con certificaci\u00f3n.<\/small><\/p>\n<p><img decoding=\"async\" class=\"alignnone size-full wp-image-426\" src=\"https:\/\/aeolus.company\/shop\/wp-content\/uploads\/2021\/10\/tarjetas.png\" alt=\"\" width=\"200\" height=\"63\" \/><\/p>\n<ul>\n<li><strong>Bajo Consumo de Energ\u00eda y Poderoso:<\/strong> Elige entre 600W y 1200W seg\u00fan tus necesidades sin sacrificar c\u00f3modidad<\/li>\n<li><strong>Oscilaci\u00f3n horizontal autom\u00e1tica:<\/strong> Distribuye el calor en toda la habitaci\u00f3n.<\/li>\n<li><strong>Sin Quemaduras:<\/strong>Tecnolog\u00eda PTC. No quema al tacto<\/li>\n<li><strong>Compacto y port\u00e1til:<\/strong> F\u00e1cil de almacenar y transportar. Ll\u00e9valo a donde quieras<\/li>\n<li><strong>Control remoto:<\/strong> Ajusta la temperatura y la oscilaci\u00f3n sin moverte.<\/li>\n<\/ul>\n","protected":false},"featured_media":807,"comment_status":"open","ping_status":"closed","template":"","meta":[],"product_brand":[],"product_cat":[27],"product_tag":[38,31,39,32,40,33],"class_list":{"0":"post-165","1":"product","2":"type-product","3":"status-publish","4":"has-post-thumbnail","6":"product_cat-calentadores","7":"product_tag-calefactores-con-control-remoto","8":"product_tag-calefactores-para-hogar","9":"product_tag-calefactores-seguros-para-hogar","10":"product_tag-calentador-ceramico","11":"product_tag-calentadores-ceramicos","12":"product_tag-calentadores-con-control-remoto","14":"first","15":"outofstock","16":"sale","17":"taxable","18":"shipping-taxable","19":"purchasable","20":"product-type-simple"},"yoast_head":"<!-- This site is optimized with the Yoast SEO plugin v26.6 - https:\/\/yoast.com\/wordpress\/plugins\/seo\/ -->\n<title>Calentador Bajo Consumo Para Habitaci\u00f3n Con Control Remoto Volcano. - Aeolus<\/title>\n<meta name=\"description\" content=\"Calentador Cer\u00e1mico M\u00e1s Seguro para tu Familia combinaci\u00f3n perfecta de funcionalidad, estilo y seguridad. Control Remoto, 2 velocidades, Oscilaci\u00f3n\" \/>\n<meta name=\"robots\" content=\"index, follow, max-snippet:-1, max-image-preview:large, max-video-preview:-1\" \/>\n<link rel=\"canonical\" href=\"https:\/\/aeolus.company\/shop\/productos\/calefactor-ceramico\/\" \/>\n<meta property=\"og:locale\" content=\"es_ES\" \/>\n<meta property=\"og:type\" content=\"article\" \/>\n<meta property=\"og:title\" content=\"Calentador Bajo Consumo Para Habitaci\u00f3n Con Control Remoto Volcano. - Aeolus\" \/>\n<meta property=\"og:description\" content=\"Calentador Cer\u00e1mico M\u00e1s Seguro para tu Familia combinaci\u00f3n perfecta de funcionalidad, estilo y seguridad. Control Remoto, 2 velocidades, Oscilaci\u00f3n\" \/>\n<meta property=\"og:url\" content=\"https:\/\/aeolus.company\/shop\/productos\/calefactor-ceramico\/\" \/>\n<meta property=\"og:site_name\" content=\"Aeolus\" \/>\n<meta property=\"article:publisher\" content=\"https:\/\/www.facebook.com\/ventiladoresaeolus\" \/>\n<meta property=\"article:modified_time\" content=\"2025-01-11T16:47:13+00:00\" \/>\n<meta property=\"og:image\" content=\"https:\/\/aeolus.company\/shop\/wp-content\/uploads\/2023\/10\/5.png\" \/>\n\t<meta property=\"og:image:width\" content=\"940\" \/>\n\t<meta property=\"og:image:height\" content=\"825\" \/>\n\t<meta property=\"og:image:type\" content=\"image\/png\" \/>\n<meta name=\"twitter:card\" content=\"summary_large_image\" \/>\n<meta name=\"twitter:label1\" content=\"Tiempo de lectura\" \/>\n\t<meta name=\"twitter:data1\" content=\"2 minutos\" \/>\n<script type=\"application\/ld+json\" class=\"yoast-schema-graph\">{\"@context\":\"https:\/\/schema.org\",\"@graph\":[{\"@type\":\"WebPage\",\"@id\":\"https:\/\/aeolus.company\/shop\/productos\/calefactor-ceramico\/\",\"url\":\"https:\/\/aeolus.company\/shop\/productos\/calefactor-ceramico\/\",\"name\":\"Calentador Bajo Consumo Para Habitaci\u00f3n Con Control Remoto Volcano. - Aeolus\",\"isPartOf\":{\"@id\":\"https:\/\/aeolus.company\/shop\/#website\"},\"primaryImageOfPage\":{\"@id\":\"https:\/\/aeolus.company\/shop\/productos\/calefactor-ceramico\/#primaryimage\"},\"image\":{\"@id\":\"https:\/\/aeolus.company\/shop\/productos\/calefactor-ceramico\/#primaryimage\"},\"thumbnailUrl\":\"https:\/\/aeolus.company\/shop\/wp-content\/uploads\/2023\/10\/5.png\",\"datePublished\":\"2023-10-03T22:49:15+00:00\",\"dateModified\":\"2025-01-11T16:47:13+00:00\",\"description\":\"Calentador Cer\u00e1mico M\u00e1s Seguro para tu Familia combinaci\u00f3n perfecta de funcionalidad, estilo y seguridad. Control Remoto, 2 velocidades, Oscilaci\u00f3n\",\"breadcrumb\":{\"@id\":\"https:\/\/aeolus.company\/shop\/productos\/calefactor-ceramico\/#breadcrumb\"},\"inLanguage\":\"es\",\"potentialAction\":[{\"@type\":\"ReadAction\",\"target\":[\"https:\/\/aeolus.company\/shop\/productos\/calefactor-ceramico\/\"]}]},{\"@type\":\"ImageObject\",\"inLanguage\":\"es\",\"@id\":\"https:\/\/aeolus.company\/shop\/productos\/calefactor-ceramico\/#primaryimage\",\"url\":\"https:\/\/aeolus.company\/shop\/wp-content\/uploads\/2023\/10\/5.png\",\"contentUrl\":\"https:\/\/aeolus.company\/shop\/wp-content\/uploads\/2023\/10\/5.png\",\"width\":940,\"height\":825,\"caption\":\"Calefactor Calentador C\u00e9ramico para Habitaci\u00f3n. 90\u00b0 Veticales\"},{\"@type\":\"BreadcrumbList\",\"@id\":\"https:\/\/aeolus.company\/shop\/productos\/calefactor-ceramico\/#breadcrumb\",\"itemListElement\":[{\"@type\":\"ListItem\",\"position\":1,\"name\":\"Portada\",\"item\":\"https:\/\/aeolus.company\/shop\/\"},{\"@type\":\"ListItem\",\"position\":2,\"name\":\"Shop\",\"item\":\"https:\/\/aeolus.company\/shop\/\"},{\"@type\":\"ListItem\",\"position\":3,\"name\":\"Calentador Bajo Consumo Para Habitaci\u00f3n Con Control Remoto Volcano.\"}]},{\"@type\":\"WebSite\",\"@id\":\"https:\/\/aeolus.company\/shop\/#website\",\"url\":\"https:\/\/aeolus.company\/shop\/\",\"name\":\"Aeolus\",\"description\":\"Aeolus\",\"publisher\":{\"@id\":\"https:\/\/aeolus.company\/shop\/#organization\"},\"potentialAction\":[{\"@type\":\"SearchAction\",\"target\":{\"@type\":\"EntryPoint\",\"urlTemplate\":\"https:\/\/aeolus.company\/shop\/?s={search_term_string}\"},\"query-input\":{\"@type\":\"PropertyValueSpecification\",\"valueRequired\":true,\"valueName\":\"search_term_string\"}}],\"inLanguage\":\"es\"},{\"@type\":\"Organization\",\"@id\":\"https:\/\/aeolus.company\/shop\/#organization\",\"name\":\"Aeolus\",\"url\":\"https:\/\/aeolus.company\/shop\/\",\"logo\":{\"@type\":\"ImageObject\",\"inLanguage\":\"es\",\"@id\":\"https:\/\/aeolus.company\/shop\/#\/schema\/logo\/image\/\",\"url\":\"https:\/\/aeolus.company\/shop\/wp-content\/uploads\/2021\/10\/aeolus-logo-ok.png\",\"contentUrl\":\"https:\/\/aeolus.company\/shop\/wp-content\/uploads\/2021\/10\/aeolus-logo-ok.png\",\"width\":295,\"height\":80,\"caption\":\"Aeolus\"},\"image\":{\"@id\":\"https:\/\/aeolus.company\/shop\/#\/schema\/logo\/image\/\"},\"sameAs\":[\"https:\/\/www.facebook.com\/ventiladoresaeolus\",\"https:\/\/www.youtube.com\/channel\/UCrfRW5AMQwTjTz5z9gMISZw\"]}]}<\/script>\n<!-- \/ Yoast SEO plugin. -->","yoast_head_json":{"title":"Calentador Bajo Consumo Para Habitaci\u00f3n Con Control Remoto Volcano. - Aeolus","description":"Calentador Cer\u00e1mico M\u00e1s Seguro para tu Familia combinaci\u00f3n perfecta de funcionalidad, estilo y seguridad. Control Remoto, 2 velocidades, Oscilaci\u00f3n","robots":{"index":"index","follow":"follow","max-snippet":"max-snippet:-1","max-image-preview":"max-image-preview:large","max-video-preview":"max-video-preview:-1"},"canonical":"https:\/\/aeolus.company\/shop\/productos\/calefactor-ceramico\/","og_locale":"es_ES","og_type":"article","og_title":"Calentador Bajo Consumo Para Habitaci\u00f3n Con Control Remoto Volcano. - Aeolus","og_description":"Calentador Cer\u00e1mico M\u00e1s Seguro para tu Familia combinaci\u00f3n perfecta de funcionalidad, estilo y seguridad. Control Remoto, 2 velocidades, Oscilaci\u00f3n","og_url":"https:\/\/aeolus.company\/shop\/productos\/calefactor-ceramico\/","og_site_name":"Aeolus","article_publisher":"https:\/\/www.facebook.com\/ventiladoresaeolus","article_modified_time":"2025-01-11T16:47:13+00:00","og_image":[{"width":940,"height":825,"url":"https:\/\/aeolus.company\/shop\/wp-content\/uploads\/2023\/10\/5.png","type":"image\/png"}],"twitter_card":"summary_large_image","twitter_misc":{"Tiempo de lectura":"2 minutos"},"schema":{"@context":"https:\/\/schema.org","@graph":[{"@type":"WebPage","@id":"https:\/\/aeolus.company\/shop\/productos\/calefactor-ceramico\/","url":"https:\/\/aeolus.company\/shop\/productos\/calefactor-ceramico\/","name":"Calentador Bajo Consumo Para Habitaci\u00f3n Con Control Remoto Volcano. - Aeolus","isPartOf":{"@id":"https:\/\/aeolus.company\/shop\/#website"},"primaryImageOfPage":{"@id":"https:\/\/aeolus.company\/shop\/productos\/calefactor-ceramico\/#primaryimage"},"image":{"@id":"https:\/\/aeolus.company\/shop\/productos\/calefactor-ceramico\/#primaryimage"},"thumbnailUrl":"https:\/\/aeolus.company\/shop\/wp-content\/uploads\/2023\/10\/5.png","datePublished":"2023-10-03T22:49:15+00:00","dateModified":"2025-01-11T16:47:13+00:00","description":"Calentador Cer\u00e1mico M\u00e1s Seguro para tu Familia combinaci\u00f3n perfecta de funcionalidad, estilo y seguridad. Control Remoto, 2 velocidades, Oscilaci\u00f3n","breadcrumb":{"@id":"https:\/\/aeolus.company\/shop\/productos\/calefactor-ceramico\/#breadcrumb"},"inLanguage":"es","potentialAction":[{"@type":"ReadAction","target":["https:\/\/aeolus.company\/shop\/productos\/calefactor-ceramico\/"]}]},{"@type":"ImageObject","inLanguage":"es","@id":"https:\/\/aeolus.company\/shop\/productos\/calefactor-ceramico\/#primaryimage","url":"https:\/\/aeolus.company\/shop\/wp-content\/uploads\/2023\/10\/5.png","contentUrl":"https:\/\/aeolus.company\/shop\/wp-content\/uploads\/2023\/10\/5.png","width":940,"height":825,"caption":"Calefactor Calentador C\u00e9ramico para Habitaci\u00f3n. 90\u00b0 Veticales"},{"@type":"BreadcrumbList","@id":"https:\/\/aeolus.company\/shop\/productos\/calefactor-ceramico\/#breadcrumb","itemListElement":[{"@type":"ListItem","position":1,"name":"Portada","item":"https:\/\/aeolus.company\/shop\/"},{"@type":"ListItem","position":2,"name":"Shop","item":"https:\/\/aeolus.company\/shop\/"},{"@type":"ListItem","position":3,"name":"Calentador Bajo Consumo Para Habitaci\u00f3n Con Control Remoto Volcano."}]},{"@type":"WebSite","@id":"https:\/\/aeolus.company\/shop\/#website","url":"https:\/\/aeolus.company\/shop\/","name":"Aeolus","description":"Aeolus","publisher":{"@id":"https:\/\/aeolus.company\/shop\/#organization"},"potentialAction":[{"@type":"SearchAction","target":{"@type":"EntryPoint","urlTemplate":"https:\/\/aeolus.company\/shop\/?s={search_term_string}"},"query-input":{"@type":"PropertyValueSpecification","valueRequired":true,"valueName":"search_term_string"}}],"inLanguage":"es"},{"@type":"Organization","@id":"https:\/\/aeolus.company\/shop\/#organization","name":"Aeolus","url":"https:\/\/aeolus.company\/shop\/","logo":{"@type":"ImageObject","inLanguage":"es","@id":"https:\/\/aeolus.company\/shop\/#\/schema\/logo\/image\/","url":"https:\/\/aeolus.company\/shop\/wp-content\/uploads\/2021\/10\/aeolus-logo-ok.png","contentUrl":"https:\/\/aeolus.company\/shop\/wp-content\/uploads\/2021\/10\/aeolus-logo-ok.png","width":295,"height":80,"caption":"Aeolus"},"image":{"@id":"https:\/\/aeolus.company\/shop\/#\/schema\/logo\/image\/"},"sameAs":["https:\/\/www.facebook.com\/ventiladoresaeolus","https:\/\/www.youtube.com\/channel\/UCrfRW5AMQwTjTz5z9gMISZw"]}]}},"_links":{"self":[{"href":"https:\/\/aeolus.company\/shop\/wp-json\/wp\/v2\/product\/165","targetHints":{"allow":["GET"]}}],"collection":[{"href":"https:\/\/aeolus.company\/shop\/wp-json\/wp\/v2\/product"}],"about":[{"href":"https:\/\/aeolus.company\/shop\/wp-json\/wp\/v2\/types\/product"}],"replies":[{"embeddable":true,"href":"https:\/\/aeolus.company\/shop\/wp-json\/wp\/v2\/comments?post=165"}],"version-history":[{"count":0,"href":"https:\/\/aeolus.company\/shop\/wp-json\/wp\/v2\/product\/165\/revisions"}],"wp:featuredmedia":[{"embeddable":true,"href":"https:\/\/aeolus.company\/shop\/wp-json\/wp\/v2\/media\/807"}],"wp:attachment":[{"href":"https:\/\/aeolus.company\/shop\/wp-json\/wp\/v2\/media?parent=165"}],"wp:term":[{"taxonomy":"product_brand","embeddable":true,"href":"https:\/\/aeolus.company\/shop\/wp-json\/wp\/v2\/product_brand?post=165"},{"taxonomy":"product_cat","embeddable":true,"href":"https:\/\/aeolus.company\/shop\/wp-json\/wp\/v2\/product_cat?post=165"},{"taxonomy":"product_tag","embeddable":true,"href":"https:\/\/aeolus.company\/shop\/wp-json\/wp\/v2\/product_tag?post=165"}],"curies":[{"name":"wp","href":"https:\/\/api.w.org\/{rel}","templated":true}]}}